{"id":14113,"date":"2025-08-28T14:03:19","date_gmt":"2025-08-28T13:03:19","guid":{"rendered":"https:\/\/pastacocco.com\/?page_id=14113"},"modified":"2025-10-07T10:21:35","modified_gmt":"2025-10-07T09:21:35","slug":"the-territory","status":"publish","type":"page","link":"https:\/\/pastacocco.com\/en\/il-pastificio\/il-territorio\/","title":{"rendered":"The Land"},"content":{"rendered":"\t\t<div data-elementor-type=\"wp-page\" data-elementor-id=\"14113\" class=\"elementor elementor-14113\" data-elementor-post-type=\"page\">\n\t\t\t\t<div class=\"elementor-element elementor-element-12ebfcb7 e-flex e-con-boxed e-con e-parent\" data-id=\"12ebfcb7\" data-element_type=\"container\" data-e-type=\"container\" data-settings=\"{&quot;background_background&quot;:&quot;classic&quot;}\">\n\t\t\t\t\t<div class=\"e-con-inner\">\n\t\t\t\t<div class=\"elementor-element elementor-element-21468813 elementor-widget__width-initial elementor-widget-mobile__width-initial elementor-invisible elementor-widget elementor-widget-heading\" data-id=\"21468813\" data-element_type=\"widget\" data-e-type=\"widget\" data-settings=\"{&quot;_animation&quot;:&quot;fadeInUp&quot;,&quot;_animation_delay&quot;:200}\" data-widget_type=\"heading.default\">\n\t\t\t\t<div class=\"elementor-widget-container\">\n\t\t\t\t\t<h2 class=\"elementor-heading-title elementor-size-default\"><strong>Fara San Martino<\/strong>, protetta dalla cima pi\u00f9 alta della <strong>Maiella<\/strong>, sulle rive del <strong>fiume Verde<\/strong>, \u00e8 un angolo d'<strong>Abruzzo<\/strong> rinomato per il suo <strong>fascino<\/strong> e per l'<strong>operosit\u00e0<\/strong> dei suoi abitanti.\nIn questo borgo, l\u2019<strong>acqua di sorgente purissima<\/strong> e l\u2019<strong>aria di montagna<\/strong> si uniscono alla <strong>maestria<\/strong> della <strong>Famiglia Cocco<\/strong>, dando vita a un\u2019<strong>eccellenza gastronomica<\/strong> riconosciuta in tutto il mondo.\n<\/h2>\t\t\t\t<\/div>\n\t\t\t\t<\/div>\n\t\t\t\t\t<\/div>\n\t\t\t\t<\/div>\n\t\t<div class=\"elementor-element elementor-element-31a581e1 e-flex e-con-boxed e-con e-parent\" data-id=\"31a581e1\" data-element_type=\"container\" data-e-type=\"container\" data-settings=\"{&quot;background_background&quot;:&quot;classic&quot;}\">\n\t\t\t\t\t<div class=\"e-con-inner\">\n\t\t<div class=\"elementor-element elementor-element-40ea4ff8 e-con-full e-flex e-con e-child\" data-id=\"40ea4ff8\" data-element_type=\"container\" data-e-type=\"container\">\n\t\t<div class=\"elementor-element elementor-element-1491686 e-con-full e-flex elementor-invisible e-con e-child\" data-id=\"1491686\" data-element_type=\"container\" data-e-type=\"container\" data-settings=\"{&quot;animation&quot;:&quot;fadeInLeft&quot;,&quot;animation_delay&quot;:150}\">\n\t\t\t\t<div class=\"elementor-element elementor-element-3fd821be elementor-widget elementor-widget-heading\" data-id=\"3fd821be\" data-element_type=\"widget\" data-e-type=\"widget\" data-widget_type=\"heading.default\">\n\t\t\t\t<div class=\"elementor-widget-container\">\n\t\t\t\t\t<h2 class=\"elementor-heading-title elementor-size-default\">Il Territorio<br>\ndi Fara San Martino<\/h2>\t\t\t\t<\/div>\n\t\t\t\t<\/div>\n\t\t\t\t<div class=\"elementor-element elementor-element-438cd7cf elementor-widget elementor-widget-text-editor\" data-id=\"438cd7cf\" data-element_type=\"widget\" data-e-type=\"widget\" data-widget_type=\"text-editor.default\">\n\t\t\t\t<div class=\"elementor-widget-container\">\n\t\t\t\t\t\t\t\t\t<p class=\"p1\">Nel cuore del Parco Nazionale della Maiella, il borgo di Fara San Martino si distingue da secoli per un dono prezioso: la sinergia tra l\u2019acqua di sorgente del Fiume Verde e l\u2019aria di montagna pura e incontaminata. <br \/>Questi elementi, uniti alla lunga tradizione pastaia tramandata di generazione in generazione, hanno trasformato Fara San Martino in una delle capitali mondiali della pasta italiana.<\/p>\t\t\t\t\t\t\t\t<\/div>\n\t\t\t\t<\/div>\n\t\t\t\t<div class=\"elementor-element elementor-element-cf43464 elementor-widget elementor-widget-image\" data-id=\"cf43464\" data-element_type=\"widget\" data-e-type=\"widget\" data-widget_type=\"image.default\">\n\t\t\t\t<div class=\"elementor-widget-container\">\n\t\t\t\t\t\t\t\t\t\t\t\t\t\t\t<img decoding=\"async\" width=\"189\" height=\"28\" src=\"https:\/\/pastacocco.com\/wp-content\/uploads\/2025\/08\/divisore.png\" class=\"attachment-large size-large wp-image-13244\" alt=\"\" \/>\t\t\t\t\t\t\t\t\t\t\t\t\t\t\t<\/div>\n\t\t\t\t<\/div>\n\t\t\t\t<\/div>\n\t\t\t\t<\/div>\n\t\t\t\t<div class=\"elementor-element elementor-element-25cef049 elementor-widget elementor-widget-shortcode\" data-id=\"25cef049\" data-element_type=\"widget\" data-e-type=\"widget\" data-widget_type=\"shortcode.default\">\n\t\t\t\t<div class=\"elementor-widget-container\">\n\t\t\t\t\t\t\t<div class=\"elementor-shortcode\"><\/div>\n\t\t\t\t\t\t<\/div>\n\t\t\t\t<\/div>\n\t\t<div class=\"elementor-element elementor-element-f0fcbed e-flex e-con-boxed e-con e-child\" data-id=\"f0fcbed\" data-element_type=\"container\" data-e-type=\"container\">\n\t\t\t\t\t<div class=\"e-con-inner\">\n\t\t<div class=\"elementor-element elementor-element-1eaae5d6 e-con-full e-flex e-con e-child\" data-id=\"1eaae5d6\" data-element_type=\"container\" data-e-type=\"container\">\n\t\t\t\t<div class=\"elementor-element elementor-element-6782db6a elementor-invisible elementor-widget elementor-widget-image\" data-id=\"6782db6a\" data-element_type=\"widget\" data-e-type=\"widget\" data-settings=\"{&quot;_animation&quot;:&quot;fadeInUp&quot;,&quot;_animation_delay&quot;:250}\" data-widget_type=\"image.default\">\n\t\t\t\t<div class=\"elementor-widget-container\">\n\t\t\t\t\t\t\t\t\t\t\t\t\t\t\t<img fetchpriority=\"high\" decoding=\"async\" width=\"720\" height=\"436\" src=\"https:\/\/pastacocco.com\/wp-content\/uploads\/2025\/08\/territorio_1.jpg\" class=\"attachment-large size-large wp-image-13395\" alt=\"\" srcset=\"https:\/\/pastacocco.com\/wp-content\/uploads\/2025\/08\/territorio_1.jpg 720w, https:\/\/pastacocco.com\/wp-content\/uploads\/2025\/08\/territorio_1-300x182.jpg 300w, https:\/\/pastacocco.com\/wp-content\/uploads\/2025\/08\/territorio_1-600x363.jpg 600w\" sizes=\"(max-width: 720px) 100vw, 720px\" \/>\t\t\t\t\t\t\t\t\t\t\t\t\t\t\t<\/div>\n\t\t\t\t<\/div>\n\t\t<div class=\"elementor-element elementor-element-1769b9f2 e-con-full e-flex elementor-invisible e-con e-child\" data-id=\"1769b9f2\" data-element_type=\"container\" data-e-type=\"container\" data-settings=\"{&quot;background_background&quot;:&quot;classic&quot;,&quot;animation&quot;:&quot;fadeIn&quot;,&quot;animation_delay&quot;:400}\">\n\t\t\t\t<div class=\"elementor-element elementor-element-20c4648c quote-title elementor-widget elementor-widget-heading\" data-id=\"20c4648c\" data-element_type=\"widget\" data-e-type=\"widget\" data-widget_type=\"heading.default\">\n\t\t\t\t<div class=\"elementor-widget-container\">\n\t\t\t\t\t<h2 class=\"elementor-heading-title elementor-size-default\">Laudato si\u2019, mi\u2019 Signore, per sor\u2019aqua,<br>\nla quale \u00e8 multo utile et humile et pretiosa et casta.\n<\/h2>\t\t\t\t<\/div>\n\t\t\t\t<\/div>\n\t\t\t\t<div class=\"elementor-element elementor-element-60c0495c elementor-widget elementor-widget-heading\" data-id=\"60c0495c\" data-element_type=\"widget\" data-e-type=\"widget\" data-widget_type=\"heading.default\">\n\t\t\t\t<div class=\"elementor-widget-container\">\n\t\t\t\t\t<h2 class=\"elementor-heading-title elementor-size-default\">Cantico delle Creature, San Francesco d\u2019Assisi<\/h2>\t\t\t\t<\/div>\n\t\t\t\t<\/div>\n\t\t\t\t<\/div>\n\t\t\t\t<\/div>\n\t\t<div class=\"elementor-element elementor-element-28af3f4 e-con-full e-flex elementor-invisible e-con e-child\" data-id=\"28af3f4\" data-element_type=\"container\" data-e-type=\"container\" data-settings=\"{&quot;animation&quot;:&quot;fadeInRight&quot;,&quot;animation_delay&quot;:350}\">\n\t\t\t\t<div class=\"elementor-element elementor-element-34d87e71 elementor-widget elementor-widget-heading\" data-id=\"34d87e71\" data-element_type=\"widget\" data-e-type=\"widget\" data-widget_type=\"heading.default\">\n\t\t\t\t<div class=\"elementor-widget-container\">\n\t\t\t\t\t<h2 class=\"elementor-heading-title elementor-size-default\">L\u2019Acqua della Sorgente del Fiume Verde<\/h2>\t\t\t\t<\/div>\n\t\t\t\t<\/div>\n\t\t\t\t<div class=\"elementor-element elementor-element-388016f elementor-widget elementor-widget-text-editor\" data-id=\"388016f\" data-element_type=\"widget\" data-e-type=\"widget\" data-widget_type=\"text-editor.default\">\n\t\t\t\t<div class=\"elementor-widget-container\">\n\t\t\t\t\t\t\t\t\t<p class=\"p1\">L\u2019acqua pura di Fara San Martino \u00e8 un ingrediente insostituibile nella produzione della pasta. La sorgente del Fiume Verde, ricca di minerali e priva di impurit\u00e0, conferisce all&#8217;impasto una consistenza e un profilo aromatico unici.<\/p><ol class=\"ol1\"><li class=\"li1\"><b>Utile<\/b>: Nei primi anni del \u2018900, l\u2019acqua veniva sfruttata anche per generare energia elettrica, oltre che come ingrediente fondamentale per l\u2019impasto. Oggi, la aggiungiamo a freddo alla semola di grano duro, preservandone le propriet\u00e0 organolettiche.<\/li><li class=\"li1\"><b>Umile<\/b>: L\u2019acqua pu\u00f2 sembrare un elemento semplice, ma \u00e8 decisiva per ottenere un impasto elastico e corposo, pronto a trasformarsi in pasta artigianale di alta qualit\u00e0.<\/li><li class=\"li1\"><b>Preziosa<\/b>: Grazie a quest\u2019acqua pura dalle caratteristiche organolettiche straordinarie, Fara San Martino \u00e8 divenuta famosa in tutto il mondo come luogo d\u2019eccellenza per la produzione di pasta.<\/li><li class=\"li1\"><b>Casta<\/b>: La limpidezza dell\u2019acqua del Fiume Verde rispecchia la purezza di un territorio ancora incontaminato, che regala un sapore autentico a ogni formato di pasta.<\/li><\/ol>\t\t\t\t\t\t\t\t<\/div>\n\t\t\t\t<\/div>\n\t\t\t\t<\/div>\n\t\t\t\t\t<\/div>\n\t\t\t\t<\/div>\n\t\t<div class=\"elementor-element elementor-element-5b4221d5 e-con-full e-flex e-con e-child\" data-id=\"5b4221d5\" data-element_type=\"container\" data-e-type=\"container\">\n\t\t<div class=\"elementor-element elementor-element-77e7fde1 e-con-full e-flex elementor-invisible e-con e-child\" data-id=\"77e7fde1\" data-element_type=\"container\" data-e-type=\"container\" data-settings=\"{&quot;animation&quot;:&quot;fadeInLeft&quot;,&quot;animation_delay&quot;:150}\">\n\t\t\t\t<div class=\"elementor-element elementor-element-1122c0ac elementor-widget elementor-widget-heading\" data-id=\"1122c0ac\" data-element_type=\"widget\" data-e-type=\"widget\" data-widget_type=\"heading.default\">\n\t\t\t\t<div class=\"elementor-widget-container\">\n\t\t\t\t\t<h2 class=\"elementor-heading-title elementor-size-default\">L\u2019Aria di Montagna<\/h2>\t\t\t\t<\/div>\n\t\t\t\t<\/div>\n\t\t\t\t<div class=\"elementor-element elementor-element-caa8c1a elementor-widget elementor-widget-text-editor\" data-id=\"caa8c1a\" data-element_type=\"widget\" data-e-type=\"widget\" data-widget_type=\"text-editor.default\">\n\t\t\t\t<div class=\"elementor-widget-container\">\n\t\t\t\t\t\t\t\t\t<p class=\"p1\">L\u2019aria fresca della Maiella contribuisce alla magia della pasta di Fara San Martino. Nei primi decenni del \u2018900, la pasta veniva stesa su canne e lasciata asciugare all\u2019aperto, sfruttando la naturale ventilazione di montagna. Oggi riproduciamo questo processo con la stessa cura artigianale:<\/p><ol class=\"ol1\"><li class=\"li1\"><b>Essiccazione a bassa temperatura<\/b>: Attraverso cabine di essiccazione statica, la pasta si asciuga lentamente, come un tempo, mantenendo intatte le sue qualit\u00e0 nutritive e l\u2019inconfondibile sapore.<\/li><li class=\"li1\"><b>Aria pura e incontaminata<\/b>: L\u2019aria di montagna di Fara San Martino, pura e cristallina, aiuta a conservare tutte le sfumature gustative dell\u2019impasto a base di semola e acqua sorgiva.<\/li><\/ol>\t\t\t\t\t\t\t\t<\/div>\n\t\t\t\t<\/div>\n\t\t\t\t<\/div>\n\t\t<div class=\"elementor-element elementor-element-63d65d9c e-con-full e-flex e-con e-child\" data-id=\"63d65d9c\" data-element_type=\"container\" data-e-type=\"container\">\n\t\t\t\t<div class=\"elementor-element elementor-element-4748258b elementor-invisible elementor-widget elementor-widget-image\" data-id=\"4748258b\" data-element_type=\"widget\" data-e-type=\"widget\" data-settings=\"{&quot;_animation&quot;:&quot;fadeInUp&quot;}\" data-widget_type=\"image.default\">\n\t\t\t\t<div class=\"elementor-widget-container\">\n\t\t\t\t\t\t\t\t\t\t\t\t\t\t\t<img decoding=\"async\" width=\"720\" height=\"661\" src=\"https:\/\/pastacocco.com\/wp-content\/uploads\/2025\/08\/territorio_3.jpg\" class=\"attachment-large size-large wp-image-13396\" alt=\"\" srcset=\"https:\/\/pastacocco.com\/wp-content\/uploads\/2025\/08\/territorio_3.jpg 720w, https:\/\/pastacocco.com\/wp-content\/uploads\/2025\/08\/territorio_3-300x275.jpg 300w, https:\/\/pastacocco.com\/wp-content\/uploads\/2025\/08\/territorio_3-18x18.jpg 18w, https:\/\/pastacocco.com\/wp-content\/uploads\/2025\/08\/territorio_3-45x40.jpg 45w, https:\/\/pastacocco.com\/wp-content\/uploads\/2025\/08\/territorio_3-600x551.jpg 600w\" sizes=\"(max-width: 720px) 100vw, 720px\" \/>\t\t\t\t\t\t\t\t\t\t\t\t\t\t\t<\/div>\n\t\t\t\t<\/div>\n\t\t\t\t<\/div>\n\t\t\t\t<\/div>\n\t\t<div class=\"elementor-element elementor-element-16b4c6e4 e-con-full e-flex e-con e-child\" data-id=\"16b4c6e4\" data-element_type=\"container\" data-e-type=\"container\" data-settings=\"{&quot;background_background&quot;:&quot;classic&quot;}\">\n\t\t<div class=\"elementor-element elementor-element-391a3957 e-con-full e-flex elementor-invisible e-con e-child\" data-id=\"391a3957\" data-element_type=\"container\" data-e-type=\"container\" data-settings=\"{&quot;animation&quot;:&quot;fadeInLeft&quot;,&quot;animation_delay&quot;:150}\">\n\t\t\t\t<div class=\"elementor-element elementor-element-778c09f2 elementor-widget elementor-widget-heading\" data-id=\"778c09f2\" data-element_type=\"widget\" data-e-type=\"widget\" data-widget_type=\"heading.default\">\n\t\t\t\t<div class=\"elementor-widget-container\">\n\t\t\t\t\t<h2 class=\"elementor-heading-title elementor-size-default\">L\u2019Eredit\u00e0 di un Territorio Unico<\/h2>\t\t\t\t<\/div>\n\t\t\t\t<\/div>\n\t\t\t\t<div class=\"elementor-element elementor-element-3acbba20 elementor-widget elementor-widget-text-editor\" data-id=\"3acbba20\" data-element_type=\"widget\" data-e-type=\"widget\" data-widget_type=\"text-editor.default\">\n\t\t\t\t<div class=\"elementor-widget-container\">\n\t\t\t\t\t\t\t\t\t<p class=\"p1\">Grazie alla combinazione di acqua pura di sorgente e aria di montagna, unita alla passione della Famiglia Cocco, la pasta di Fara San Martino \u00e8 riconosciuta ovunque come sinonimo di eccellenza gastronomica italiana. Ogni fase della lavorazione, dalla trafilatura in bronzo alla lenta essiccazione, \u00e8 curata con metodi artigianali che custodiscono i sapori di una volta, rendendo questa pasta un vero capolavoro di gusto.<\/p>\t\t\t\t\t\t\t\t<\/div>\n\t\t\t\t<\/div>\n\t\t\t\t<\/div>\n\t\t<div class=\"elementor-element elementor-element-1832ba9b e-con-full e-flex elementor-invisible e-con e-child\" data-id=\"1832ba9b\" data-element_type=\"container\" data-e-type=\"container\" data-settings=\"{&quot;animation&quot;:&quot;fadeInRight&quot;}\">\n\t\t\t\t<div class=\"elementor-element elementor-element-46642e48 e-transform elementor-widget elementor-widget-image\" data-id=\"46642e48\" data-element_type=\"widget\" data-e-type=\"widget\" data-settings=\"{&quot;_transform_flipY_effect&quot;:&quot;transform&quot;}\" data-widget_type=\"image.default\">\n\t\t\t\t<div class=\"elementor-widget-container\">\n\t\t\t\t\t\t\t\t\t\t\t\t\t\t\t<img decoding=\"async\" width=\"189\" height=\"28\" src=\"https:\/\/pastacocco.com\/wp-content\/uploads\/2025\/08\/divisore.png\" class=\"attachment-large size-large wp-image-13244\" alt=\"\" \/>\t\t\t\t\t\t\t\t\t\t\t\t\t\t\t<\/div>\n\t\t\t\t<\/div>\n\t\t\t\t<div class=\"elementor-element elementor-element-7e4c3f0d elementor-widget__width-initial elementor-widget elementor-widget-heading\" data-id=\"7e4c3f0d\" data-element_type=\"widget\" data-e-type=\"widget\" data-widget_type=\"heading.default\">\n\t\t\t\t<div class=\"elementor-widget-container\">\n\t\t\t\t\t<h2 class=\"elementor-heading-title elementor-size-default\">Fara San Martino non \u00e8 solo un luogo: \u00e8 la culla di una tradizione centenaria, dove la natura e l\u2019arte pastaia si fondono per regalare un\u2019esperienza sensoriale unica.<\/h2>\t\t\t\t<\/div>\n\t\t\t\t<\/div>\n\t\t\t\t<div class=\"elementor-element elementor-element-289be013 elementor-widget elementor-widget-image\" data-id=\"289be013\" data-element_type=\"widget\" data-e-type=\"widget\" data-widget_type=\"image.default\">\n\t\t\t\t<div class=\"elementor-widget-container\">\n\t\t\t\t\t\t\t\t\t\t\t\t\t\t\t<img decoding=\"async\" width=\"189\" height=\"28\" src=\"https:\/\/pastacocco.com\/wp-content\/uploads\/2025\/08\/divisore.png\" class=\"attachment-large size-large wp-image-13244\" alt=\"\" \/>\t\t\t\t\t\t\t\t\t\t\t\t\t\t\t<\/div>\n\t\t\t\t<\/div>\n\t\t\t\t<div class=\"elementor-element elementor-element-7452f25c elementor-widget elementor-widget-image\" data-id=\"7452f25c\" data-element_type=\"widget\" data-e-type=\"widget\" data-widget_type=\"image.default\">\n\t\t\t\t<div class=\"elementor-widget-container\">\n\t\t\t\t\t\t\t\t\t\t\t\t\t\t\t<img loading=\"lazy\" decoding=\"async\" width=\"349\" height=\"153\" src=\"https:\/\/pastacocco.com\/wp-content\/uploads\/2025\/08\/firma-territorio2.png\" class=\"attachment-large size-large wp-image-13397\" alt=\"\" srcset=\"https:\/\/pastacocco.com\/wp-content\/uploads\/2025\/08\/firma-territorio2.png 349w, https:\/\/pastacocco.com\/wp-content\/uploads\/2025\/08\/firma-territorio2-300x132.png 300w\" sizes=\"(max-width: 349px) 100vw, 349px\" \/>\t\t\t\t\t\t\t\t\t\t\t\t\t\t\t<\/div>\n\t\t\t\t<\/div>\n\t\t\t\t<\/div>\n\t\t\t\t<\/div>\n\t\t\t\t\t<\/div>\n\t\t\t\t<\/div>\n\t\t<div class=\"elementor-element elementor-element-3d3b957c e-flex e-con-boxed e-con e-parent\" data-id=\"3d3b957c\" data-element_type=\"container\" data-e-type=\"container\">\n\t\t\t\t\t<div class=\"e-con-inner\">\n\t\t<a class=\"elementor-element elementor-element-7c3562a9 e-con-full e-transform e-flex elementor-invisible e-con e-child\" data-id=\"7c3562a9\" data-element_type=\"container\" data-e-type=\"container\" data-settings=\"{&quot;background_background&quot;:&quot;classic&quot;,&quot;background_motion_fx_motion_fx_scrolling&quot;:&quot;yes&quot;,&quot;_transform_translateY_effect_hover&quot;:{&quot;unit&quot;:&quot;px&quot;,&quot;size&quot;:-10,&quot;sizes&quot;:[]},&quot;animation&quot;:&quot;fadeInUp&quot;,&quot;animation_delay&quot;:100,&quot;background_motion_fx_devices&quot;:[&quot;desktop&quot;,&quot;tablet&quot;,&quot;mobile&quot;],&quot;_transform_translateX_effect_hover&quot;:{&quot;unit&quot;:&quot;px&quot;,&quot;size&quot;:&quot;&quot;,&quot;sizes&quot;:[]},&quot;_transform_translateX_effect_hover_tablet&quot;:{&quot;unit&quot;:&quot;px&quot;,&quot;size&quot;:&quot;&quot;,&quot;sizes&quot;:[]},&quot;_transform_translateX_effect_hover_mobile&quot;:{&quot;unit&quot;:&quot;px&quot;,&quot;size&quot;:&quot;&quot;,&quot;sizes&quot;:[]},&quot;_transform_translateY_effect_hover_tablet&quot;:{&quot;unit&quot;:&quot;px&quot;,&quot;size&quot;:&quot;&quot;,&quot;sizes&quot;:[]},&quot;_transform_translateY_effect_hover_mobile&quot;:{&quot;unit&quot;:&quot;px&quot;,&quot;size&quot;:&quot;&quot;,&quot;sizes&quot;:[]}}\" href=\"https:\/\/pastacocco.com\/en\/il-pastificio\/lartigiano-pastaio\/\">\n\t\t\t\t<div class=\"elementor-element elementor-element-4d1e45e7 elementor-widget elementor-widget-heading\" data-id=\"4d1e45e7\" data-element_type=\"widget\" data-e-type=\"widget\" data-widget_type=\"heading.default\">\n\t\t\t\t<div class=\"elementor-widget-container\">\n\t\t\t\t\t<h2 class=\"elementor-heading-title elementor-size-default\">L'Artigiano<br>Pastaio<\/h2>\t\t\t\t<\/div>\n\t\t\t\t<\/div>\n\t\t\t\t<\/a>\n\t\t<a class=\"elementor-element elementor-element-7f3bf200 e-con-full e-transform filter-attivo e-flex elementor-invisible e-con e-child\" data-id=\"7f3bf200\" data-element_type=\"container\" data-e-type=\"container\" data-settings=\"{&quot;background_background&quot;:&quot;classic&quot;,&quot;_transform_translateY_effect_hover&quot;:{&quot;unit&quot;:&quot;px&quot;,&quot;size&quot;:-10,&quot;sizes&quot;:[]},&quot;animation&quot;:&quot;fadeInUp&quot;,&quot;animation_delay&quot;:200,&quot;_transform_translateX_effect_hover&quot;:{&quot;unit&quot;:&quot;px&quot;,&quot;size&quot;:&quot;&quot;,&quot;sizes&quot;:[]},&quot;_transform_translateX_effect_hover_tablet&quot;:{&quot;unit&quot;:&quot;px&quot;,&quot;size&quot;:&quot;&quot;,&quot;sizes&quot;:[]},&quot;_transform_translateX_effect_hover_mobile&quot;:{&quot;unit&quot;:&quot;px&quot;,&quot;size&quot;:&quot;&quot;,&quot;sizes&quot;:[]},&quot;_transform_translateY_effect_hover_tablet&quot;:{&quot;unit&quot;:&quot;px&quot;,&quot;size&quot;:&quot;&quot;,&quot;sizes&quot;:[]},&quot;_transform_translateY_effect_hover_mobile&quot;:{&quot;unit&quot;:&quot;px&quot;,&quot;size&quot;:&quot;&quot;,&quot;sizes&quot;:[]}}\" href=\"https:\/\/pastacocco.com\/en\/il-pastificio\/il-territorio\/\">\n\t\t\t\t<div class=\"elementor-element elementor-element-15940cf2 elementor-widget elementor-widget-heading\" data-id=\"15940cf2\" data-element_type=\"widget\" data-e-type=\"widget\" data-widget_type=\"heading.default\">\n\t\t\t\t<div class=\"elementor-widget-container\">\n\t\t\t\t\t<h2 class=\"elementor-heading-title elementor-size-default\">Il<br>Territorio<\/h2>\t\t\t\t<\/div>\n\t\t\t\t<\/div>\n\t\t\t\t<\/a>\n\t\t<a class=\"elementor-element elementor-element-47316d36 e-con-full e-transform e-flex elementor-invisible e-con e-child\" data-id=\"47316d36\" data-element_type=\"container\" data-e-type=\"container\" data-settings=\"{&quot;background_background&quot;:&quot;classic&quot;,&quot;_transform_translateY_effect_hover&quot;:{&quot;unit&quot;:&quot;px&quot;,&quot;size&quot;:-10,&quot;sizes&quot;:[]},&quot;animation&quot;:&quot;fadeInUp&quot;,&quot;animation_delay&quot;:300,&quot;_transform_translateX_effect_hover&quot;:{&quot;unit&quot;:&quot;px&quot;,&quot;size&quot;:&quot;&quot;,&quot;sizes&quot;:[]},&quot;_transform_translateX_effect_hover_tablet&quot;:{&quot;unit&quot;:&quot;px&quot;,&quot;size&quot;:&quot;&quot;,&quot;sizes&quot;:[]},&quot;_transform_translateX_effect_hover_mobile&quot;:{&quot;unit&quot;:&quot;px&quot;,&quot;size&quot;:&quot;&quot;,&quot;sizes&quot;:[]},&quot;_transform_translateY_effect_hover_tablet&quot;:{&quot;unit&quot;:&quot;px&quot;,&quot;size&quot;:&quot;&quot;,&quot;sizes&quot;:[]},&quot;_transform_translateY_effect_hover_mobile&quot;:{&quot;unit&quot;:&quot;px&quot;,&quot;size&quot;:&quot;&quot;,&quot;sizes&quot;:[]}}\" href=\"https:\/\/pastacocco.com\/en\/il-pastificio\/i-grani-preziosi\/\">\n\t\t\t\t<div class=\"elementor-element elementor-element-72ee077b elementor-widget elementor-widget-heading\" data-id=\"72ee077b\" data-element_type=\"widget\" data-e-type=\"widget\" data-widget_type=\"heading.default\">\n\t\t\t\t<div class=\"elementor-widget-container\">\n\t\t\t\t\t<h2 class=\"elementor-heading-title elementor-size-default\">I Grani<br>Preziosi<\/h2>\t\t\t\t<\/div>\n\t\t\t\t<\/div>\n\t\t\t\t<\/a>\n\t\t<a class=\"elementor-element elementor-element-d45c0d6 e-con-full e-transform e-flex elementor-invisible e-con e-child\" data-id=\"d45c0d6\" data-element_type=\"container\" data-e-type=\"container\" data-settings=\"{&quot;background_background&quot;:&quot;classic&quot;,&quot;_transform_translateY_effect_hover&quot;:{&quot;unit&quot;:&quot;px&quot;,&quot;size&quot;:-10,&quot;sizes&quot;:[]},&quot;animation&quot;:&quot;fadeInUp&quot;,&quot;animation_delay&quot;:400,&quot;_transform_translateX_effect_hover&quot;:{&quot;unit&quot;:&quot;px&quot;,&quot;size&quot;:&quot;&quot;,&quot;sizes&quot;:[]},&quot;_transform_translateX_effect_hover_tablet&quot;:{&quot;unit&quot;:&quot;px&quot;,&quot;size&quot;:&quot;&quot;,&quot;sizes&quot;:[]},&quot;_transform_translateX_effect_hover_mobile&quot;:{&quot;unit&quot;:&quot;px&quot;,&quot;size&quot;:&quot;&quot;,&quot;sizes&quot;:[]},&quot;_transform_translateY_effect_hover_tablet&quot;:{&quot;unit&quot;:&quot;px&quot;,&quot;size&quot;:&quot;&quot;,&quot;sizes&quot;:[]},&quot;_transform_translateY_effect_hover_mobile&quot;:{&quot;unit&quot;:&quot;px&quot;,&quot;size&quot;:&quot;&quot;,&quot;sizes&quot;:[]}}\" href=\"https:\/\/pastacocco.com\/en\/il-pastificio\/la-lavorazione\/\">\n\t\t\t\t<div class=\"elementor-element elementor-element-31010fa0 elementor-widget elementor-widget-heading\" data-id=\"31010fa0\" data-element_type=\"widget\" data-e-type=\"widget\" data-widget_type=\"heading.default\">\n\t\t\t\t<div class=\"elementor-widget-container\">\n\t\t\t\t\t<h2 class=\"elementor-heading-title elementor-size-default\">La<br>Lavorazione<\/h2>\t\t\t\t<\/div>\n\t\t\t\t<\/div>\n\t\t\t\t<\/a>\n\t\t\t\t\t<\/div>\n\t\t\t\t<\/div>\n\t\t\t\t<\/div>\n\t\t","protected":false},"excerpt":{"rendered":"<p>Fara San Martino, protetta dalla cima pi\u00f9 alta della Maiella, sulle rive del fiume Verde, \u00e8 un angolo d&#8217;Abruzzo rinomato per il suo fascino e per l&#8217;operosit\u00e0 dei suoi abitanti. In questo borgo, l\u2019acqua di sorgente purissima e l\u2019aria di montagna si uniscono alla maestria della Famiglia Cocco, dando vita a un\u2019eccellenza gastronomica riconosciuta in [&hellip;]<\/p>\n","protected":false},"author":1960,"featured_media":0,"parent":14122,"menu_order":0,"comment_status":"closed","ping_status":"closed","template":"","meta":{"_acf_changed":false,"content-type":"","footnotes":""},"class_list":["post-14113","page","type-page","status-publish","hentry"],"acf":[],"aioseo_notices":[],"_links":{"self":[{"href":"https:\/\/pastacocco.com\/en\/wp-json\/wp\/v2\/pages\/14113","targetHints":{"allow":["GET"]}}],"collection":[{"href":"https:\/\/pastacocco.com\/en\/wp-json\/wp\/v2\/pages"}],"about":[{"href":"https:\/\/pastacocco.com\/en\/wp-json\/wp\/v2\/types\/page"}],"author":[{"embeddable":true,"href":"https:\/\/pastacocco.com\/en\/wp-json\/wp\/v2\/users\/1960"}],"replies":[{"embeddable":true,"href":"https:\/\/pastacocco.com\/en\/wp-json\/wp\/v2\/comments?post=14113"}],"version-history":[{"count":7,"href":"https:\/\/pastacocco.com\/en\/wp-json\/wp\/v2\/pages\/14113\/revisions"}],"predecessor-version":[{"id":15769,"href":"https:\/\/pastacocco.com\/en\/wp-json\/wp\/v2\/pages\/14113\/revisions\/15769"}],"up":[{"embeddable":true,"href":"https:\/\/pastacocco.com\/en\/wp-json\/wp\/v2\/pages\/14122"}],"wp:attachment":[{"href":"https:\/\/pastacocco.com\/en\/wp-json\/wp\/v2\/media?parent=14113"}],"curies":[{"name":"wp","href":"https:\/\/api.w.org\/{rel}","templated":true}]}}