{"id":14094,"date":"2025-08-28T14:03:14","date_gmt":"2025-08-28T13:03:14","guid":{"rendered":"https:\/\/pastacocco.com\/?page_id=14094"},"modified":"2026-01-07T13:21:53","modified_gmt":"2026-01-07T12:21:53","slug":"our-commitment-to-sustainability","status":"publish","type":"page","link":"https:\/\/pastacocco.com\/en\/il-pastificio\/il-nostro-impegno-per-la-sostenibilita\/","title":{"rendered":"Our Commitment to Sustainability"},"content":{"rendered":"\t\t<div data-elementor-type=\"wp-page\" data-elementor-id=\"14094\" class=\"elementor elementor-14094\" data-elementor-post-type=\"page\">\n\t\t\t\t<div class=\"elementor-element elementor-element-28457fdd e-flex e-con-boxed e-con e-parent\" data-id=\"28457fdd\" data-element_type=\"container\" data-e-type=\"container\">\n\t\t\t\t\t<div class=\"e-con-inner\">\n\t\t\t\t<div class=\"elementor-element elementor-element-2aa845a3 elementor-widget elementor-widget-shortcode\" data-id=\"2aa845a3\" data-element_type=\"widget\" data-e-type=\"widget\" data-widget_type=\"shortcode.default\">\n\t\t\t\t<div class=\"elementor-widget-container\">\n\t\t\t\t\t\t\t<div class=\"elementor-shortcode\"><\/div>\n\t\t\t\t\t\t<\/div>\n\t\t\t\t<\/div>\n\t\t\t\t<div class=\"elementor-element elementor-element-57a95140 elementor-widget elementor-widget-heading\" data-id=\"57a95140\" data-element_type=\"widget\" data-e-type=\"widget\" data-widget_type=\"heading.default\">\n\t\t\t\t<div class=\"elementor-widget-container\">\n\t\t\t\t\t<h2 class=\"elementor-heading-title elementor-size-default\">Il nostro impegno per la sostenibilit\u00e0<\/h2>\t\t\t\t<\/div>\n\t\t\t\t<\/div>\n\t\t\t\t<div class=\"elementor-element elementor-element-060973e elementor-widget elementor-widget-image\" data-id=\"060973e\" data-element_type=\"widget\" data-e-type=\"widget\" data-widget_type=\"image.default\">\n\t\t\t\t<div class=\"elementor-widget-container\">\n\t\t\t\t\t\t\t\t\t\t\t\t\t\t\t<img fetchpriority=\"high\" decoding=\"async\" width=\"800\" height=\"450\" src=\"https:\/\/pastacocco.com\/wp-content\/uploads\/2026\/01\/1G8A3198-scaled-e1767788395665-1024x576.jpg\" class=\"attachment-large size-large wp-image-17450\" alt=\"\" srcset=\"https:\/\/pastacocco.com\/wp-content\/uploads\/2026\/01\/1G8A3198-scaled-e1767788395665-1024x576.jpg 1024w, https:\/\/pastacocco.com\/wp-content\/uploads\/2026\/01\/1G8A3198-scaled-e1767788395665-300x169.jpg 300w, https:\/\/pastacocco.com\/wp-content\/uploads\/2026\/01\/1G8A3198-scaled-e1767788395665-768x432.jpg 768w, https:\/\/pastacocco.com\/wp-content\/uploads\/2026\/01\/1G8A3198-scaled-e1767788395665-1536x864.jpg 1536w, https:\/\/pastacocco.com\/wp-content\/uploads\/2026\/01\/1G8A3198-scaled-e1767788395665-18x10.jpg 18w, https:\/\/pastacocco.com\/wp-content\/uploads\/2026\/01\/1G8A3198-scaled-e1767788395665-600x337.jpg 600w, https:\/\/pastacocco.com\/wp-content\/uploads\/2026\/01\/1G8A3198-scaled-e1767788395665.jpg 1707w\" sizes=\"(max-width: 800px) 100vw, 800px\" \/>\t\t\t\t\t\t\t\t\t\t\t\t\t\t\t<\/div>\n\t\t\t\t<\/div>\n\t\t\t\t<div class=\"elementor-element elementor-element-143b5760 elementor-widget elementor-widget-text-editor\" data-id=\"143b5760\" data-element_type=\"widget\" data-e-type=\"widget\" data-widget_type=\"text-editor.default\">\n\t\t\t\t<div class=\"elementor-widget-container\">\n\t\t\t\t\t\t\t\t\t<p class=\"p1\">Crediamo che la vera eccellenza nasca dal rispetto: rispetto per le materie prime, per le persone che lavorano con noi e per il territorio che ci regala l\u2019acqua pura del Fiume Verde e l\u2019aria di montagna di Fara San Martino. Questo principio guida ogni fase della nostra produzione, dalle scelte energetiche all\u2019attenzione per i dettagli artigianali, perch\u00e9 solo cos\u00ec possiamo garantire una pasta dal gusto inconfondibile e un futuro pi\u00f9 sostenibile per le prossime generazioni.<\/p>\t\t\t\t\t\t\t\t<\/div>\n\t\t\t\t<\/div>\n\t\t\t\t<div class=\"elementor-element elementor-element-3fce7219 elementor-widget elementor-widget-heading\" data-id=\"3fce7219\" data-element_type=\"widget\" data-e-type=\"widget\" data-widget_type=\"heading.default\">\n\t\t\t\t<div class=\"elementor-widget-container\">\n\t\t\t\t\t<h2 class=\"elementor-heading-title elementor-size-default\"> Macchine antiche, un patto con la tradizione<\/h2>\t\t\t\t<\/div>\n\t\t\t\t<\/div>\n\t\t\t\t<div class=\"elementor-element elementor-element-27db663a elementor-widget elementor-widget-text-editor\" data-id=\"27db663a\" data-element_type=\"widget\" data-e-type=\"widget\" data-widget_type=\"text-editor.default\">\n\t\t\t\t<div class=\"elementor-widget-container\">\n\t\t\t\t\t\t\t\t\t<p class=\"p1\">Nel nostro pastificio convivono macchinari di nuova generazione<b> <\/b>per il confezionamento e le antiche macchine recuperate dal passato per la produzione di tutta la pasta. Restaurare e riutilizzare queste attrezzature non \u00e8 solo un omaggio al saper fare artigianale, ma anche una scelta di economia circolare:<\/p><ol class=\"ol1\"><li class=\"li1\">Riduciamo gli sprechi prolungando la vita utile delle macchine.<\/li><li class=\"li1\">Manteniamo viva la tecnica di lavorazione tradizionale, con processi che rispettano i ritmi della materia prima.<\/li><li class=\"li1\">Preserviamo un patrimonio di conoscenza artigiana da tramandare alle generazioni future.<\/li><\/ol><p class=\"p2\">Questo approccio non riguarda semplicemente \u201cil passato che rivive\u201d , ma \u00e8 la prova concreta di come la sostenibilit\u00e0 possa affondare le radici nella cultura del recupero.<\/p>\t\t\t\t\t\t\t\t<\/div>\n\t\t\t\t<\/div>\n\t\t\t\t<div class=\"elementor-element elementor-element-64cb3d14 elementor-widget elementor-widget-heading\" data-id=\"64cb3d14\" data-element_type=\"widget\" data-e-type=\"widget\" data-widget_type=\"heading.default\">\n\t\t\t\t<div class=\"elementor-widget-container\">\n\t\t\t\t\t<h2 class=\"elementor-heading-title elementor-size-default\"> Innovazione e responsabilit\u00e0<\/h2>\t\t\t\t<\/div>\n\t\t\t\t<\/div>\n\t\t\t\t<div class=\"elementor-element elementor-element-3d97bcb3 elementor-widget elementor-widget-text-editor\" data-id=\"3d97bcb3\" data-element_type=\"widget\" data-e-type=\"widget\" data-widget_type=\"text-editor.default\">\n\t\t\t\t<div class=\"elementor-widget-container\">\n\t\t\t\t\t\t\t\t\t<p class=\"p1\">Per noi, la sostenibilit\u00e0 \u00e8 un percorso in continuo divenire:<\/p><ol class=\"ol1\"><li class=\"li1\">Ricerca costante di tecniche e materiali che ottimizzino i consumi, senza alterare la qualit\u00e0 artigianale.<\/li><li class=\"li1\">Impianti fotovoltaici: utilizziamo pannelli solari per attingere energia pulita, riducendo l\u2019impatto ambientale e contribuendo all\u2019autosufficienza energetica.<\/li><li class=\"li1\">Collaborazioni con partner e fornitori che condividono i nostri valori, per costruire insieme una filiera etica e trasparente.<\/li><li class=\"li1\">Investimento nelle persone, perch\u00e9 crediamo che siano i valori umani a generare cambiamenti positivi e duraturi.<\/li><\/ol>\t\t\t\t\t\t\t\t<\/div>\n\t\t\t\t<\/div>\n\t\t\t\t<div class=\"elementor-element elementor-element-709fab75 elementor-widget elementor-widget-heading\" data-id=\"709fab75\" data-element_type=\"widget\" data-e-type=\"widget\" data-widget_type=\"heading.default\">\n\t\t\t\t<div class=\"elementor-widget-container\">\n\t\t\t\t\t<h2 class=\"elementor-heading-title elementor-size-default\">Verso un futuro di gusto e rispetto<\/h2>\t\t\t\t<\/div>\n\t\t\t\t<\/div>\n\t\t\t\t<div class=\"elementor-element elementor-element-59778c2 elementor-widget elementor-widget-text-editor\" data-id=\"59778c2\" data-element_type=\"widget\" data-e-type=\"widget\" data-widget_type=\"text-editor.default\">\n\t\t\t\t<div class=\"elementor-widget-container\">\n\t\t\t\t\t\t\t\t\t<p class=\"p1\">Ogni confezione di pasta del Pastificio Cocco porta con s\u00e9 la storia di un luogo straordinario e l\u2019impegno quotidiano di un\u2019azienda che ha scelto di mettere la tradizione al centro del proprio cammino. Crediamo fermamente che, unendo passato e innovazione, si possa dare vita a un futuro in cui la bont\u00e0 non \u00e8 solo una questione di sapore, ma anche di rispetto per la terra e per chi la abita.<\/p>\t\t\t\t\t\t\t\t<\/div>\n\t\t\t\t<\/div>\n\t\t\t\t\t<\/div>\n\t\t\t\t<\/div>\n\t\t<div class=\"elementor-element elementor-element-19a30e87 e-flex e-con-boxed e-con e-parent\" data-id=\"19a30e87\" data-element_type=\"container\" data-e-type=\"container\">\n\t\t\t\t\t<div class=\"e-con-inner\">\n\t\t<a class=\"elementor-element elementor-element-68361384 e-con-full e-transform e-flex elementor-invisible e-con e-child\" data-id=\"68361384\" data-element_type=\"container\" data-e-type=\"container\" data-settings=\"{&quot;background_background&quot;:&quot;classic&quot;,&quot;background_motion_fx_motion_fx_scrolling&quot;:&quot;yes&quot;,&quot;_transform_translateY_effect_hover&quot;:{&quot;unit&quot;:&quot;px&quot;,&quot;size&quot;:-10,&quot;sizes&quot;:[]},&quot;animation&quot;:&quot;fadeInUp&quot;,&quot;animation_delay&quot;:100,&quot;background_motion_fx_devices&quot;:[&quot;desktop&quot;,&quot;tablet&quot;,&quot;mobile&quot;],&quot;_transform_translateX_effect_hover&quot;:{&quot;unit&quot;:&quot;px&quot;,&quot;size&quot;:&quot;&quot;,&quot;sizes&quot;:[]},&quot;_transform_translateX_effect_hover_tablet&quot;:{&quot;unit&quot;:&quot;px&quot;,&quot;size&quot;:&quot;&quot;,&quot;sizes&quot;:[]},&quot;_transform_translateX_effect_hover_mobile&quot;:{&quot;unit&quot;:&quot;px&quot;,&quot;size&quot;:&quot;&quot;,&quot;sizes&quot;:[]},&quot;_transform_translateY_effect_hover_tablet&quot;:{&quot;unit&quot;:&quot;px&quot;,&quot;size&quot;:&quot;&quot;,&quot;sizes&quot;:[]},&quot;_transform_translateY_effect_hover_mobile&quot;:{&quot;unit&quot;:&quot;px&quot;,&quot;size&quot;:&quot;&quot;,&quot;sizes&quot;:[]}}\" href=\"https:\/\/pastacocco.com\/en\/il-pastificio\/lartigiano-pastaio\/\">\n\t\t\t\t<div class=\"elementor-element elementor-element-339f9c03 elementor-widget elementor-widget-heading\" data-id=\"339f9c03\" data-element_type=\"widget\" data-e-type=\"widget\" data-widget_type=\"heading.default\">\n\t\t\t\t<div class=\"elementor-widget-container\">\n\t\t\t\t\t<h2 class=\"elementor-heading-title elementor-size-default\">L'Artigiano<br>Pastaio<\/h2>\t\t\t\t<\/div>\n\t\t\t\t<\/div>\n\t\t\t\t<\/a>\n\t\t<a class=\"elementor-element elementor-element-3ab1f957 e-con-full e-transform e-flex elementor-invisible e-con e-child\" data-id=\"3ab1f957\" data-element_type=\"container\" data-e-type=\"container\" data-settings=\"{&quot;background_background&quot;:&quot;classic&quot;,&quot;_transform_translateY_effect_hover&quot;:{&quot;unit&quot;:&quot;px&quot;,&quot;size&quot;:-10,&quot;sizes&quot;:[]},&quot;animation&quot;:&quot;fadeInUp&quot;,&quot;animation_delay&quot;:200,&quot;_transform_translateX_effect_hover&quot;:{&quot;unit&quot;:&quot;px&quot;,&quot;size&quot;:&quot;&quot;,&quot;sizes&quot;:[]},&quot;_transform_translateX_effect_hover_tablet&quot;:{&quot;unit&quot;:&quot;px&quot;,&quot;size&quot;:&quot;&quot;,&quot;sizes&quot;:[]},&quot;_transform_translateX_effect_hover_mobile&quot;:{&quot;unit&quot;:&quot;px&quot;,&quot;size&quot;:&quot;&quot;,&quot;sizes&quot;:[]},&quot;_transform_translateY_effect_hover_tablet&quot;:{&quot;unit&quot;:&quot;px&quot;,&quot;size&quot;:&quot;&quot;,&quot;sizes&quot;:[]},&quot;_transform_translateY_effect_hover_mobile&quot;:{&quot;unit&quot;:&quot;px&quot;,&quot;size&quot;:&quot;&quot;,&quot;sizes&quot;:[]}}\" href=\"https:\/\/pastacocco.com\/en\/il-pastificio\/il-territorio\/\">\n\t\t\t\t<div class=\"elementor-element elementor-element-36851d24 elementor-widget elementor-widget-heading\" data-id=\"36851d24\" data-element_type=\"widget\" data-e-type=\"widget\" data-widget_type=\"heading.default\">\n\t\t\t\t<div class=\"elementor-widget-container\">\n\t\t\t\t\t<h2 class=\"elementor-heading-title elementor-size-default\">Il<br>Territorio<\/h2>\t\t\t\t<\/div>\n\t\t\t\t<\/div>\n\t\t\t\t<\/a>\n\t\t<a class=\"elementor-element elementor-element-5001e665 e-con-full e-transform e-flex elementor-invisible e-con e-child\" data-id=\"5001e665\" data-element_type=\"container\" data-e-type=\"container\" data-settings=\"{&quot;background_background&quot;:&quot;classic&quot;,&quot;_transform_translateY_effect_hover&quot;:{&quot;unit&quot;:&quot;px&quot;,&quot;size&quot;:-10,&quot;sizes&quot;:[]},&quot;animation&quot;:&quot;fadeInUp&quot;,&quot;animation_delay&quot;:300,&quot;_transform_translateX_effect_hover&quot;:{&quot;unit&quot;:&quot;px&quot;,&quot;size&quot;:&quot;&quot;,&quot;sizes&quot;:[]},&quot;_transform_translateX_effect_hover_tablet&quot;:{&quot;unit&quot;:&quot;px&quot;,&quot;size&quot;:&quot;&quot;,&quot;sizes&quot;:[]},&quot;_transform_translateX_effect_hover_mobile&quot;:{&quot;unit&quot;:&quot;px&quot;,&quot;size&quot;:&quot;&quot;,&quot;sizes&quot;:[]},&quot;_transform_translateY_effect_hover_tablet&quot;:{&quot;unit&quot;:&quot;px&quot;,&quot;size&quot;:&quot;&quot;,&quot;sizes&quot;:[]},&quot;_transform_translateY_effect_hover_mobile&quot;:{&quot;unit&quot;:&quot;px&quot;,&quot;size&quot;:&quot;&quot;,&quot;sizes&quot;:[]}}\" href=\"https:\/\/pastacocco.com\/en\/il-pastificio\/i-grani-preziosi\/\">\n\t\t\t\t<div class=\"elementor-element elementor-element-150d30ce elementor-widget elementor-widget-heading\" data-id=\"150d30ce\" data-element_type=\"widget\" data-e-type=\"widget\" data-widget_type=\"heading.default\">\n\t\t\t\t<div class=\"elementor-widget-container\">\n\t\t\t\t\t<h2 class=\"elementor-heading-title elementor-size-default\">I Grani<br>Migliori<\/h2>\t\t\t\t<\/div>\n\t\t\t\t<\/div>\n\t\t\t\t<\/a>\n\t\t<a class=\"elementor-element elementor-element-cbcbfe5 e-con-full e-transform e-flex elementor-invisible e-con e-child\" data-id=\"cbcbfe5\" data-element_type=\"container\" data-e-type=\"container\" data-settings=\"{&quot;background_background&quot;:&quot;classic&quot;,&quot;_transform_translateY_effect_hover&quot;:{&quot;unit&quot;:&quot;px&quot;,&quot;size&quot;:-10,&quot;sizes&quot;:[]},&quot;animation&quot;:&quot;fadeInUp&quot;,&quot;animation_delay&quot;:400,&quot;_transform_translateX_effect_hover&quot;:{&quot;unit&quot;:&quot;px&quot;,&quot;size&quot;:&quot;&quot;,&quot;sizes&quot;:[]},&quot;_transform_translateX_effect_hover_tablet&quot;:{&quot;unit&quot;:&quot;px&quot;,&quot;size&quot;:&quot;&quot;,&quot;sizes&quot;:[]},&quot;_transform_translateX_effect_hover_mobile&quot;:{&quot;unit&quot;:&quot;px&quot;,&quot;size&quot;:&quot;&quot;,&quot;sizes&quot;:[]},&quot;_transform_translateY_effect_hover_tablet&quot;:{&quot;unit&quot;:&quot;px&quot;,&quot;size&quot;:&quot;&quot;,&quot;sizes&quot;:[]},&quot;_transform_translateY_effect_hover_mobile&quot;:{&quot;unit&quot;:&quot;px&quot;,&quot;size&quot;:&quot;&quot;,&quot;sizes&quot;:[]}}\" href=\"https:\/\/pastacocco.com\/en\/il-pastificio\/la-lavorazione\/\">\n\t\t\t\t<div class=\"elementor-element elementor-element-11aaa449 elementor-widget elementor-widget-heading\" data-id=\"11aaa449\" data-element_type=\"widget\" data-e-type=\"widget\" data-widget_type=\"heading.default\">\n\t\t\t\t<div class=\"elementor-widget-container\">\n\t\t\t\t\t<h2 class=\"elementor-heading-title elementor-size-default\">La<br>Lavorazione<\/h2>\t\t\t\t<\/div>\n\t\t\t\t<\/div>\n\t\t\t\t<\/a>\n\t\t\t\t\t<\/div>\n\t\t\t\t<\/div>\n\t\t\t\t<\/div>\n\t\t","protected":false},"excerpt":{"rendered":"<p>Il nostro impegno per la sostenibilit\u00e0 Crediamo che la vera eccellenza nasca dal rispetto: rispetto per le materie prime, per le persone che lavorano con noi e per il territorio che ci regala l\u2019acqua pura del Fiume Verde e l\u2019aria di montagna di Fara San Martino. Questo principio guida ogni fase della nostra produzione, dalle [&hellip;]<\/p>\n","protected":false},"author":1960,"featured_media":0,"parent":14122,"menu_order":0,"comment_status":"closed","ping_status":"closed","template":"","meta":{"_acf_changed":false,"content-type":"","footnotes":""},"class_list":["post-14094","page","type-page","status-publish","hentry"],"acf":[],"aioseo_notices":[],"_links":{"self":[{"href":"https:\/\/pastacocco.com\/en\/wp-json\/wp\/v2\/pages\/14094","targetHints":{"allow":["GET"]}}],"collection":[{"href":"https:\/\/pastacocco.com\/en\/wp-json\/wp\/v2\/pages"}],"about":[{"href":"https:\/\/pastacocco.com\/en\/wp-json\/wp\/v2\/types\/page"}],"author":[{"embeddable":true,"href":"https:\/\/pastacocco.com\/en\/wp-json\/wp\/v2\/users\/1960"}],"replies":[{"embeddable":true,"href":"https:\/\/pastacocco.com\/en\/wp-json\/wp\/v2\/comments?post=14094"}],"version-history":[{"count":10,"href":"https:\/\/pastacocco.com\/en\/wp-json\/wp\/v2\/pages\/14094\/revisions"}],"predecessor-version":[{"id":17458,"href":"https:\/\/pastacocco.com\/en\/wp-json\/wp\/v2\/pages\/14094\/revisions\/17458"}],"up":[{"embeddable":true,"href":"https:\/\/pastacocco.com\/en\/wp-json\/wp\/v2\/pages\/14122"}],"wp:attachment":[{"href":"https:\/\/pastacocco.com\/en\/wp-json\/wp\/v2\/media?parent=14094"}],"curies":[{"name":"wp","href":"https:\/\/api.w.org\/{rel}","templated":true}]}}