{"id":14064,"date":"2025-08-28T14:03:10","date_gmt":"2025-08-28T13:03:10","guid":{"rendered":"https:\/\/pastacocco.com\/?page_id=14064"},"modified":"2025-10-15T13:26:45","modified_gmt":"2025-10-15T12:26:45","slug":"tempi-e-metodi-di-spedizione","status":"publish","type":"page","link":"https:\/\/pastacocco.com\/en\/tempi-e-metodi-di-spedizione\/","title":{"rendered":"Shipping Times and Methods"},"content":{"rendered":"<div data-elementor-type=\"wp-page\" data-elementor-id=\"14064\" class=\"elementor elementor-14064\" data-elementor-post-type=\"page\">\n\t\t\t\t<div class=\"elementor-element elementor-element-4ec6e9d e-flex e-con-boxed e-con e-parent\" data-id=\"4ec6e9d\" data-element_type=\"container\" data-e-type=\"container\">\n\t\t\t\t\t<div class=\"e-con-inner\">\n\t\t\t\t<div class=\"elementor-element elementor-element-5407b37c elementor-widget elementor-widget-heading\" data-id=\"5407b37c\" data-element_type=\"widget\" data-e-type=\"widget\" data-widget_type=\"heading.default\">\n\t\t\t\t<div class=\"elementor-widget-container\">\n\t\t\t\t\t<h2 class=\"elementor-heading-title elementor-size-default\">Shipping Times and Methods<\/h2>\t\t\t\t<\/div>\n\t\t\t\t<\/div>\n\t\t\t\t<div class=\"elementor-element elementor-element-74535de1 elementor-widget elementor-widget-text-editor\" data-id=\"74535de1\" data-element_type=\"widget\" data-e-type=\"widget\" data-widget_type=\"text-editor.default\">\n\t\t\t\t<div class=\"elementor-widget-container\">\n\t\t\t\t\t\t\t\t\t<div class=\"elementor-element elementor-element-266ab4b elementor-widget elementor-widget-text-editor\" data-id=\"266ab4b\" data-element_type=\"widget\" data-widget_type=\"text-editor.default\"><div class=\"elementor-widget-container\"><div class=\"elementor-text-editor elementor-clearfix\"><ol><li><strong>Il Pastificio Artigiano Cav. Giuseppe Cocco Srl provveder\u00e0 a recapitare i prodotti selezionati ed ordinati mediante corriere espresso o convenzionale<\/strong>, cos\u00ec come confermato nella e-mail di cui al punto 4.1 del contratto per la vendita online.<\/li><li><strong>I tempi della spedizione<\/strong>\u00a0possono variare dal giorno stesso dell\u2019ordine ad un massimo di 10 giorni lavorativi dalla conferma dello stesso. Nel caso in cui il Pastificio Artigiano Cav. Giuseppe Cocco Srl non sia in grado di effettuare la spedizione entro detto termine ne verr\u00e0 dato tempestivo avviso tramite e-mail all\u2019Acquirente.<\/li><li><strong>I tempi di consegna<\/strong>\u00a0di cui sopra non sono da considerarsi validi in occasione della temporanea interruzione dell\u2019attivit\u00e0 del Pastificio Artigiano Cav. Giuseppe Cocco Srl per festivit\u00e0 e chiusura estiva. Il Pastificio Artigiano Cav. Giuseppe Cocco Srl comunicher\u00e0 tempestivamente i periodi di chiusura delle spedizioni on-line nella pagina web: www.pastacocco.com\/bottega. Gli ordini ricevuti durante i periodi di chiusura attivit\u00e0 verranno spediti, nel rispetto dei tempi di consegna, a partire dalla data indicata di riapertura dell\u2019attivit\u00e0.<\/li><\/ol><\/div><\/div><\/div><div class=\"elementor-element elementor-element-5514b91 elementor-widget elementor-widget-text-editor\" data-id=\"5514b91\" data-element_type=\"widget\" data-widget_type=\"text-editor.default\"><div class=\"elementor-widget-container\"><div class=\"elementor-text-editor elementor-clearfix\"><p><strong><br \/>TEMPI E MODALIT\u00c0 DELLA CONSEGNA<\/strong><\/p><ol><li class=\"li1\"><span class=\"s1\">Pastificio Artigiano Cav. Giuseppe Cocco Srl delivers selected and ordered products via express or standard courier, as confirmed in the order email.<\/span><\/li><li class=\"li1\"><span class=\"s1\">In addition to standard shipping, a Gift Pack Delivery Service is available for gift deliveries to different recipients.<\/span><\/li><li class=\"li1\"><span class=\"s1\">Shipping times range from the same day to 10 business days after order confirmation. Delays will be promptly communicated by email.<\/span><\/li><li class=\"li1\"><span class=\"s1\">Shipping times do not apply during company closure periods (holidays\/summer). Such closures are posted at www.pastacocco.com\/bottega. Orders during these times will be shipped after reopening.<\/span><\/li><\/ol><\/div><\/div><\/div><div class=\"elementor-element elementor-element-ffd2b4d elementor-widget elementor-widget-text-editor\" data-id=\"ffd2b4d\" data-element_type=\"widget\" data-widget_type=\"text-editor.default\"><div class=\"elementor-widget-container\"><div class=\"elementor-text-editor elementor-clearfix\"><p><strong>\u00a0<br \/>PREZZI E QUANTIT\u00c0<\/strong><\/p><ol><li class=\"li1 translation-block\">All product prices on www.pastacocco.com are in euros and include VAT (4%) and other applicable taxes.<\/li><li class=\"li1 translation-block\">Shipping costs and other fees (e.g., customs) are not included in product prices but will be clearly indicated before order submission.\nStandard Shipping is \u20ac8.00 (incl. VAT) for orders up to 30 Kg. Free for orders over 30 Kg.\nThe Gift Pack Delivery Service has the same cost and is available only for gift packs over 6 Kg.<\/li><li class=\"li1\"><span class=\"s1\">I prezzi indicati in corrispondenza di ciascuno dei beni offerti al pubblico hanno validit\u00e0 fino alla data indicata nel sito\u00a0<a href=\"https:\/\/pastacocco.com\/en\/product-category\/la-pasta-cocco\/\"><span class=\"s2\">pastacocco.com\/la-pasta-cocco<\/span><\/a><\/span><\/li><li class=\"li1\"><span class=\"s1\">In caso di errore informatico, manuale, tecnico, o di qualsiasi altra natura che possa comportare un cambiamento sostanziale, non previsto da Pastificio Artigiano Cav. Giuseppe Cocco Srl, del prezzo di vendita al pubblico, che lo renda esorbitante o chiaramente irrisorio, l\u2019ordine d\u2019acquisto sar\u00e0 considerato non valido e annullato e l\u2019importo versato dall\u2019Acquirente sar\u00e0 rimborsato entro 14 gg. dal giorno dell\u2019annullamento.<\/span><\/li><li class=\"li1 translation-block\">Minimum pasta order weight: 6 Kg.<\/li><\/ol><\/div><\/div><\/div>\t\t\t\t\t\t\t\t<\/div>\n\t\t\t\t<\/div>\n\t\t\t\t\t<\/div>\n\t\t\t\t<\/div>\n\t\t\t\t<\/div>","protected":false},"excerpt":{"rendered":"<p>Il Pastificio Artigiano Cav. Giuseppe Cocco Srl provveder\u00e0 a recapitare i prodotti selezionati ed ordinati mediante corriere espresso o convenzionale, cos\u00ec come confermato nella e-mail di cui al punto 4.1 del contratto per la vendita online. I tempi della spedizione\u00a0possono variare dal giorno stesso dell\u2019ordine ad un massimo di 10 giorni lavorativi dalla conferma dello [&hellip;]<\/p>\n","protected":false},"author":1960,"featured_media":0,"parent":0,"menu_order":0,"comment_status":"closed","ping_status":"closed","template":"","meta":{"_acf_changed":false,"content-type":"","footnotes":""},"class_list":["post-14064","page","type-page","status-publish","hentry"],"acf":[],"aioseo_notices":[],"_links":{"self":[{"href":"https:\/\/pastacocco.com\/en\/wp-json\/wp\/v2\/pages\/14064","targetHints":{"allow":["GET"]}}],"collection":[{"href":"https:\/\/pastacocco.com\/en\/wp-json\/wp\/v2\/pages"}],"about":[{"href":"https:\/\/pastacocco.com\/en\/wp-json\/wp\/v2\/types\/page"}],"author":[{"embeddable":true,"href":"https:\/\/pastacocco.com\/en\/wp-json\/wp\/v2\/users\/1960"}],"replies":[{"embeddable":true,"href":"https:\/\/pastacocco.com\/en\/wp-json\/wp\/v2\/comments?post=14064"}],"version-history":[{"count":4,"href":"https:\/\/pastacocco.com\/en\/wp-json\/wp\/v2\/pages\/14064\/revisions"}],"predecessor-version":[{"id":14200,"href":"https:\/\/pastacocco.com\/en\/wp-json\/wp\/v2\/pages\/14064\/revisions\/14200"}],"wp:attachment":[{"href":"https:\/\/pastacocco.com\/en\/wp-json\/wp\/v2\/media?parent=14064"}],"curies":[{"name":"wp","href":"https:\/\/api.w.org\/{rel}","templated":true}]}}